{"id":1163,"date":"2025-02-16T14:54:50","date_gmt":"2025-02-16T13:54:50","guid":{"rendered":"https:\/\/talentsdailleurs.net\/?page_id=1163"},"modified":"2025-02-16T14:54:51","modified_gmt":"2025-02-16T13:54:51","slug":"univers-musical","status":"publish","type":"page","link":"http:\/\/talentsdailleurs.net\/?page_id=1163","title":{"rendered":"Univers Musical"},"content":{"rendered":"\n<div class=\"wp-block-media-text alignwide is-stacked-on-mobile\" style=\"grid-template-columns:15% auto\"><figure class=\"wp-block-media-text__media\"><img decoding=\"async\" loading=\"lazy\" width=\"644\" height=\"1024\" src=\"http:\/\/talentsdailleurs.net\/wp-content\/uploads\/2025\/02\/Image151-1-644x1024.jpg\" alt=\"\" class=\"wp-image-1164 size-full\" srcset=\"http:\/\/talentsdailleurs.net\/wp-content\/uploads\/2025\/02\/Image151-1-644x1024.jpg 644w, http:\/\/talentsdailleurs.net\/wp-content\/uploads\/2025\/02\/Image151-1-189x300.jpg 189w, http:\/\/talentsdailleurs.net\/wp-content\/uploads\/2025\/02\/Image151-1-768x1221.jpg 768w, http:\/\/talentsdailleurs.net\/wp-content\/uploads\/2025\/02\/Image151-1-966x1536.jpg 966w, http:\/\/talentsdailleurs.net\/wp-content\/uploads\/2025\/02\/Image151-1.jpg 1064w\" sizes=\"(max-width: 644px) 100vw, 644px\" \/><\/figure><div class=\"wp-block-media-text__content\">\n<p>Avant d\u2019\u00eatre musicien, Mawndo\u00e9 \u00e9tait sculpteur, fa\u00e7onnant le bois et le fer avec une pr\u00e9cision et une intensit\u00e9 qui impr\u00e8gnent aujourd\u2019hui sa musique. Sa voix, profonde et saisissante, porte les \u00e9chos du d\u00e9sert et des chants ancestraux, traversant fronti\u00e8res et langues pour toucher au plus pr\u00e8s des passions humaines.<\/p>\n\n\n\n<p>Son univers musical est une fusion subtile entre tradition et modernit\u00e9. Il m\u00eale les sonorit\u00e9s arabo-sah\u00e9liennes aux rythmes d\u2019Afrique centrale, teint\u00e9s de blues et de soul.<\/p>\n<\/div><\/div>\n\n\n\n<p>Son art se nourrit des rencontres et de sa r\u00e9flexion. Toujours en qu\u00eate de nouvelles textures sonores, Mawndo\u00e9 explore son univers, fa\u00e7onne sa musique et&nbsp; sculpte les mots.&nbsp; <\/p>\n\n\n\n<p>Ses textes, \u00e0 la crois\u00e9e de la po\u00e9sie et de l\u2019engagement, \u00e9voquent l\u2019exil, l\u2019amour, la libert\u00e9 et la r\u00e9silience.<\/p>\n\n\n\n<p><\/p>\n\n\n\n<p>Il chante en fran\u00e7ais, en arabe et en m\u2019gambaye, tissant des passerelles entre les cultures et les identit\u00e9s.<\/p>\n\n\n\n<p>Seul \u00e0 la guitare ou accompagn\u00e9 d\u2019un groupe, il insuffle une atmosph\u00e8re unique, avec une intensit\u00e9 brute et une \u00e9nergie dynamique, captant imm\u00e9diatement le public.<\/p>\n\n\n\n<p>Son parcours, en perp\u00e9tuelle \u00e9volution, t\u00e9moigne d\u2019une qu\u00eate sinc\u00e8re et profonde. Bien plus qu\u2019un musicien, il est un passeur de sens, un cr\u00e9ateur de liens, un artiste qui sculpte les \u00e2mes \u00e0 travers sa musique.<\/p>\n\n\n\n<div class=\"wp-block-media-text alignwide is-stacked-on-mobile\" style=\"grid-template-columns:16% auto\"><figure class=\"wp-block-media-text__media\"><img decoding=\"async\" loading=\"lazy\" width=\"768\" height=\"1024\" src=\"http:\/\/talentsdailleurs.net\/wp-content\/uploads\/2025\/02\/photo-biohp-web-768x1024.jpg\" alt=\"\" class=\"wp-image-1081 size-full\" srcset=\"http:\/\/talentsdailleurs.net\/wp-content\/uploads\/2025\/02\/photo-biohp-web-768x1024.jpg 768w, http:\/\/talentsdailleurs.net\/wp-content\/uploads\/2025\/02\/photo-biohp-web-225x300.jpg 225w, http:\/\/talentsdailleurs.net\/wp-content\/uploads\/2025\/02\/photo-biohp-web-1152x1536.jpg 1152w, http:\/\/talentsdailleurs.net\/wp-content\/uploads\/2025\/02\/photo-biohp-web-1536x2048.jpg 1536w, http:\/\/talentsdailleurs.net\/wp-content\/uploads\/2025\/02\/photo-biohp-web-scaled.jpg 1920w\" sizes=\"(max-width: 768px) 100vw, 768px\" \/><\/figure><div class=\"wp-block-media-text__content\">\n<p><strong>Des rythmes pour tous, une r\u00e9sonance intime pour chacun<\/strong><\/p>\n\n\n\n<p>Rythm\u00e9es, dansantes ou empreintes de douceur et de m\u00e9lancolie, les chansons de Mawndo\u00e9 s\u2019adressent \u00e0 tous.<\/p>\n\n\n\n<p>Le public les reprend en ch\u0153ur lors de ses concerts ou les fredonne seul, comme emport\u00e9 par leur r\u00e9sonance.<\/p>\n\n\n\n<p>De nombreuses vid\u00e9os partag\u00e9es sur les r\u00e9seaux sociaux t\u00e9moignent de ces instants port\u00e9s par une \u00e9motion sinc\u00e8re et vibrante.<\/p>\n\n\n\n<p>Certaines de ses chansons vont plus loin encore : elles parlent aux \u00e2mes, touchant des profondeurs o\u00f9 les mots deviennent \u00e9cho.<\/p>\n<\/div><\/div>\n\n\n\n<figure class=\"wp-block-pullquote\"><blockquote><p>Production musicale<\/p><\/blockquote><\/figure>\n\n\n\n<div class=\"wp-block-media-text alignwide is-stacked-on-mobile\" style=\"grid-template-columns:22% auto\"><figure class=\"wp-block-media-text__media\"><img decoding=\"async\" src=\"https:\/\/aunomdelart.net\/wp-content\/uploads\/2025\/02\/DSC_6470-1-681x1024.jpg\" alt=\"\" class=\"wp-image-593 size-full\"\/><\/figure><div class=\"wp-block-media-text__content\">\n<p><strong>Une discographie entre engagement et exploration<\/strong><\/p>\n\n\n\n<p>Depuis 2011, Mawndo\u00e9 trace sa route en solo apr\u00e8s cinq albums avec Yeleen.<\/p>\n\n\n\n<p>Et il a produit plus de 70 chansons, des dizaines de clips et 5 albums.<\/p>\n\n\n\n<p>Chaque disque est une \u00e9tape, un pont entre traditions et modernit\u00e9, o\u00f9 les sonorit\u00e9s arabo-sah\u00e9liennes rencontrent le blues et la soul.<\/p>\n\n\n\n<p>Chantant en fran\u00e7ais, en arabe et en mgambaye, il aborde l\u2019exil, l\u2019espoir, la libert\u00e9 et l\u2019amour avec des textes puissants et une voix qui touche. Entre morceaux intimistes et rythmes envo\u00fbtants, sa musique, toujours en mouvement, s\u00e9duit un public large et confirme son statut d\u2019artiste incontournable.<\/p>\n\n\n\n<p>\u00c0 travers ses albums, il collabore avec de nombreux musiciens et explore de nouvelles textures sonores, m\u00ealant instruments traditionnels et productions contemporaines.<\/p>\n\n\n\n<p>&nbsp;Sa discographie refl\u00e8te son \u00e9volution artistique, avec introspection et ouverture au monde, et t\u00e9moigne d\u2019un engagement constant pour une musique qui fait sens.<\/p>\n<\/div><\/div>\n\n\n\n<div class=\"wp-block-media-text alignwide has-media-on-the-right is-stacked-on-mobile\" style=\"grid-template-columns:auto 30%\"><div class=\"wp-block-media-text__content\">\n<p>\u2022<strong>DAARI (2011) <\/strong>: Entre doutes et urgence, est n\u00e9 son 1er album sous son nom <\/p>\n\n\n\n<p>\u2022<strong>Doum Pah &nbsp;(2013) <\/strong>Entre constats et remise en question, son deuxi\u00e8me album est&nbsp; r\u00e9alis\u00e9&nbsp;\u00e0 Montr\u00e9al avec le groupe H\u2019SAO en 2013. <\/p>\n\n\n\n<p>\u2022<strong>Ki Dan C (2014)&nbsp; : <\/strong>Entre r\u00eaves et passion, c\u2019est son 3\u00e8me album qui est r\u00e9alis\u00e9 au Tchad en 2014<\/p>\n\n\n\n<p> \u2022<strong>Nemay (2017) <\/strong>Entre amour et libert\u00e9, son 4\u00e8me album&nbsp; est r\u00e9alis\u00e9 entre la C\u00f4te d&rsquo;ivoire, le Tchad et le Burkina&nbsp;<\/p>\n\n\n\n<p> \u2022<strong>Au Nom de l\u2019Art (2021) <\/strong>Et le retour \u00e0 l\u2019essentiel avec son 5\u00e8me album&nbsp;<\/p>\n<\/div><figure class=\"wp-block-media-text__media\"><img decoding=\"async\" loading=\"lazy\" width=\"552\" height=\"577\" src=\"http:\/\/talentsdailleurs.net\/wp-content\/uploads\/2025\/02\/471594774_1193254182155826_8524022876494460067_n.jpg\" alt=\"\" class=\"wp-image-1165 size-full\" srcset=\"http:\/\/talentsdailleurs.net\/wp-content\/uploads\/2025\/02\/471594774_1193254182155826_8524022876494460067_n.jpg 552w, http:\/\/talentsdailleurs.net\/wp-content\/uploads\/2025\/02\/471594774_1193254182155826_8524022876494460067_n-287x300.jpg 287w\" sizes=\"(max-width: 552px) 100vw, 552px\" \/><\/figure><\/div>\n\n\n\n<div class=\"wp-block-buttons is-layout-flex\"><\/div>\n","protected":false},"excerpt":{"rendered":"<p>Avant d\u2019\u00eatre musicien, Mawndo\u00e9 \u00e9tait sculpteur, fa\u00e7onnant le bois et le fer avec une pr\u00e9cision et une intensit\u00e9 qui impr\u00e8gnent aujourd\u2019hui sa musique. Sa voix, profonde et saisissante, porte les \u00e9chos du d\u00e9sert et des chants ancestraux, traversant fronti\u00e8res et langues pour toucher au plus pr\u00e8s des passions humaines. Son univers musical est une fusion &hellip; <a href=\"http:\/\/talentsdailleurs.net\/?page_id=1163\" class=\"more-link\">Continuer la lecture de <span class=\"screen-reader-text\">Univers Musical<\/span>  <span class=\"meta-nav\">&rarr;<\/span><\/a><\/p>\n","protected":false},"author":1,"featured_media":0,"parent":0,"menu_order":0,"comment_status":"closed","ping_status":"closed","template":"","meta":[],"_links":{"self":[{"href":"http:\/\/talentsdailleurs.net\/index.php?rest_route=\/wp\/v2\/pages\/1163"}],"collection":[{"href":"http:\/\/talentsdailleurs.net\/index.php?rest_route=\/wp\/v2\/pages"}],"about":[{"href":"http:\/\/talentsdailleurs.net\/index.php?rest_route=\/wp\/v2\/types\/page"}],"author":[{"embeddable":true,"href":"http:\/\/talentsdailleurs.net\/index.php?rest_route=\/wp\/v2\/users\/1"}],"replies":[{"embeddable":true,"href":"http:\/\/talentsdailleurs.net\/index.php?rest_route=%2Fwp%2Fv2%2Fcomments&post=1163"}],"version-history":[{"count":1,"href":"http:\/\/talentsdailleurs.net\/index.php?rest_route=\/wp\/v2\/pages\/1163\/revisions"}],"predecessor-version":[{"id":1166,"href":"http:\/\/talentsdailleurs.net\/index.php?rest_route=\/wp\/v2\/pages\/1163\/revisions\/1166"}],"wp:attachment":[{"href":"http:\/\/talentsdailleurs.net\/index.php?rest_route=%2Fwp%2Fv2%2Fmedia&parent=1163"}],"curies":[{"name":"wp","href":"https:\/\/api.w.org\/{rel}","templated":true}]}}